{"id":75,"date":"2018-09-06T22:17:25","date_gmt":"2018-09-06T20:17:25","guid":{"rendered":"http:\/\/antifragile.fr\/?page_id=75"},"modified":"2019-01-02T21:08:23","modified_gmt":"2019-01-02T20:08:23","slug":"services","status":"publish","type":"page","link":"https:\/\/antifragile.fr\/?page_id=75","title":{"rendered":"Accompagner les organisations"},"content":{"rendered":"\n<p>Dans le cadre de mon activit\u00e9 professionnelle avec le Groupe Michelin et de mes activit\u00e9s universitaires et doctorales avec La Sorbonne, j&rsquo;accompagne les organisations dans leur d\u00e9marche de maturation en termes de gestion de crise. L&rsquo;approche propos\u00e9e se base d&rsquo;abord sur l&rsquo;\u00e9tude des besoins, des ressources et la vision de la gestion des risques et de la gestion de crise de l&rsquo;organisation.<\/p>\n\n\n\n<h2>Diagnostic et accompagnement<\/h2>\n\n\n\n<p>Mettre en place une gestion des risques et un syst\u00e8me de gestion de crise efficace pour votre organisation est un point fondamental. Ces adaptations entrent directement dans le cadre de la conduite de changement.<\/p>\n\n\n\n<div class=\"wp-block-image\"><figure class=\"aligncenter is-resized\"><img loading=\"lazy\" src=\"http:\/\/antifragile.fr\/wp-content\/uploads\/2018\/12\/diagnostic-1024x667.jpg\" alt=\"\" class=\"wp-image-200\" width=\"512\" height=\"340\"\/><\/figure><\/div>\n\n\n\n<h2>Formation \u00e0 la gestion de crise<\/h2>\n\n\n\n<p>Il est essentiel de former les personnels \u00e0 tous les niveaux afin de garantir que les concepts de la gestion de crise de votre organisation sont bien compris par l&rsquo;ensemble des effectifs concern\u00e9s.<\/p>\n\n\n\n<div class=\"wp-block-image\"><figure class=\"aligncenter is-resized\"><img loading=\"lazy\" src=\"http:\/\/antifragile.fr\/wp-content\/uploads\/2018\/12\/training-1024x621.jpg\" alt=\"\" class=\"wp-image-201\" width=\"512\" height=\"288\"\/><\/figure><\/div>\n\n\n\n<h2>Simulation de gestion de crise<\/h2>\n\n\n\n<p>Mettre en place et animer des simulations de crise mettant en sc\u00e8ne les risques prioritaires auxquels se trouve confront\u00e9e votre organisation est un levier clef. Les simulations, qu&rsquo;elles soient en salle (table-top) ou en grandeur nature (real-play) doivent se caract\u00e9riser par :<\/p>\n\n\n\n<ul><li>leur r\u00e9alisme,<\/li><li>la nature adaptative des sc\u00e9anrii en fonction des choix des cellules en action, <\/li><li>la pluridimentionnalit\u00e9 du sc\u00e9nario incluant toutes les composantes des crises observ\u00e9es en situation r\u00e9elle.<\/li><\/ul>\n\n\n\n<p style=\"text-align:center\"><em>Ci-dessous quelques photos de simulations organis\u00e9es et anim\u00e9es sur des th\u00e8mes vari\u00e9s dans plus d&rsquo;une douzaines de pays diff\u00e9rents.<\/em><\/p>\n\n\n\n<ul class=\"wp-block-gallery columns-3 is-cropped\"><li class=\"blocks-gallery-item\"><figure><img loading=\"lazy\" width=\"1024\" height=\"683\" src=\"http:\/\/antifragile.fr\/wp-content\/uploads\/2018\/12\/2-1024x683.jpg\" alt=\"\" data-id=\"300\" data-link=\"http:\/\/antifragile.fr\/?attachment_id=300\" class=\"wp-image-300\" srcset=\"https:\/\/antifragile.fr\/wp-content\/uploads\/2018\/12\/2-1024x683.jpg 1024w, https:\/\/antifragile.fr\/wp-content\/uploads\/2018\/12\/2-300x200.jpg 300w, https:\/\/antifragile.fr\/wp-content\/uploads\/2018\/12\/2-768x512.jpg 768w, https:\/\/antifragile.fr\/wp-content\/uploads\/2018\/12\/2-1020x680.jpg 1020w\" sizes=\"(max-width: 1024px) 100vw, 1024px\" \/><\/figure><\/li><li class=\"blocks-gallery-item\"><figure><img loading=\"lazy\" width=\"4896\" height=\"3264\" src=\"http:\/\/antifragile.fr\/wp-content\/uploads\/2018\/12\/3-1024x683.jpg\" alt=\"\" data-id=\"301\" data-link=\"http:\/\/antifragile.fr\/?attachment_id=301\" class=\"wp-image-301\" srcset=\"https:\/\/antifragile.fr\/wp-content\/uploads\/2018\/12\/3-1024x683.jpg 1024w, https:\/\/antifragile.fr\/wp-content\/uploads\/2018\/12\/3-300x200.jpg 300w, https:\/\/antifragile.fr\/wp-content\/uploads\/2018\/12\/3-768x512.jpg 768w, https:\/\/antifragile.fr\/wp-content\/uploads\/2018\/12\/3-1020x680.jpg 1020w\" sizes=\"(max-width: 4896px) 100vw, 4896px\" \/><\/figure><\/li><li class=\"blocks-gallery-item\"><figure><img loading=\"lazy\" width=\"1024\" height=\"683\" src=\"http:\/\/antifragile.fr\/wp-content\/uploads\/2018\/12\/4-1024x683.jpg\" alt=\"\" data-id=\"302\" data-link=\"http:\/\/antifragile.fr\/?attachment_id=302\" class=\"wp-image-302\" srcset=\"https:\/\/antifragile.fr\/wp-content\/uploads\/2018\/12\/4-1024x683.jpg 1024w, https:\/\/antifragile.fr\/wp-content\/uploads\/2018\/12\/4-300x200.jpg 300w, https:\/\/antifragile.fr\/wp-content\/uploads\/2018\/12\/4-768x512.jpg 768w, https:\/\/antifragile.fr\/wp-content\/uploads\/2018\/12\/4-1020x680.jpg 1020w\" sizes=\"(max-width: 1024px) 100vw, 1024px\" \/><\/figure><\/li><li class=\"blocks-gallery-item\"><figure><img loading=\"lazy\" width=\"1024\" height=\"768\" src=\"http:\/\/antifragile.fr\/wp-content\/uploads\/2018\/12\/5-1024x768.jpg\" alt=\"\" data-id=\"303\" data-link=\"http:\/\/antifragile.fr\/?attachment_id=303\" class=\"wp-image-303\" srcset=\"https:\/\/antifragile.fr\/wp-content\/uploads\/2018\/12\/5-1024x768.jpg 1024w, https:\/\/antifragile.fr\/wp-content\/uploads\/2018\/12\/5-300x225.jpg 300w, https:\/\/antifragile.fr\/wp-content\/uploads\/2018\/12\/5-768x576.jpg 768w, https:\/\/antifragile.fr\/wp-content\/uploads\/2018\/12\/5-1020x765.jpg 1020w\" sizes=\"(max-width: 1024px) 100vw, 1024px\" \/><\/figure><\/li><li class=\"blocks-gallery-item\"><figure><img loading=\"lazy\" width=\"1024\" height=\"680\" src=\"http:\/\/antifragile.fr\/wp-content\/uploads\/2018\/12\/6-1024x680.jpg\" alt=\"\" data-id=\"304\" data-link=\"http:\/\/antifragile.fr\/?attachment_id=304\" class=\"wp-image-304\" srcset=\"https:\/\/antifragile.fr\/wp-content\/uploads\/2018\/12\/6-1024x680.jpg 1024w, https:\/\/antifragile.fr\/wp-content\/uploads\/2018\/12\/6-300x199.jpg 300w, https:\/\/antifragile.fr\/wp-content\/uploads\/2018\/12\/6-768x510.jpg 768w, https:\/\/antifragile.fr\/wp-content\/uploads\/2018\/12\/6-1020x677.jpg 1020w\" sizes=\"(max-width: 1024px) 100vw, 1024px\" \/><\/figure><\/li><li class=\"blocks-gallery-item\"><figure><img loading=\"lazy\" width=\"1024\" height=\"680\" src=\"http:\/\/antifragile.fr\/wp-content\/uploads\/2018\/12\/7-1024x680.jpg\" alt=\"\" data-id=\"305\" data-link=\"http:\/\/antifragile.fr\/?attachment_id=305\" class=\"wp-image-305\" srcset=\"https:\/\/antifragile.fr\/wp-content\/uploads\/2018\/12\/7-1024x680.jpg 1024w, https:\/\/antifragile.fr\/wp-content\/uploads\/2018\/12\/7-300x199.jpg 300w, https:\/\/antifragile.fr\/wp-content\/uploads\/2018\/12\/7-768x510.jpg 768w, https:\/\/antifragile.fr\/wp-content\/uploads\/2018\/12\/7-1020x677.jpg 1020w\" sizes=\"(max-width: 1024px) 100vw, 1024px\" \/><\/figure><\/li><li class=\"blocks-gallery-item\"><figure><img loading=\"lazy\" width=\"3648\" height=\"2736\" src=\"http:\/\/antifragile.fr\/wp-content\/uploads\/2018\/12\/8-1024x768.jpg\" alt=\"\" data-id=\"306\" data-link=\"http:\/\/antifragile.fr\/?attachment_id=306\" class=\"wp-image-306\" srcset=\"https:\/\/antifragile.fr\/wp-content\/uploads\/2018\/12\/8-1024x768.jpg 1024w, https:\/\/antifragile.fr\/wp-content\/uploads\/2018\/12\/8-300x225.jpg 300w, https:\/\/antifragile.fr\/wp-content\/uploads\/2018\/12\/8-768x576.jpg 768w, https:\/\/antifragile.fr\/wp-content\/uploads\/2018\/12\/8-1020x765.jpg 1020w\" sizes=\"(max-width: 3648px) 100vw, 3648px\" \/><\/figure><\/li><li class=\"blocks-gallery-item\"><figure><img loading=\"lazy\" width=\"1024\" height=\"1024\" src=\"http:\/\/antifragile.fr\/wp-content\/uploads\/2018\/12\/9-1024x1024.jpg\" alt=\"\" data-id=\"307\" data-link=\"http:\/\/antifragile.fr\/?attachment_id=307\" class=\"wp-image-307\" srcset=\"https:\/\/antifragile.fr\/wp-content\/uploads\/2018\/12\/9-1024x1024.jpg 1024w, https:\/\/antifragile.fr\/wp-content\/uploads\/2018\/12\/9-150x150.jpg 150w, https:\/\/antifragile.fr\/wp-content\/uploads\/2018\/12\/9-300x300.jpg 300w, https:\/\/antifragile.fr\/wp-content\/uploads\/2018\/12\/9-768x768.jpg 768w, https:\/\/antifragile.fr\/wp-content\/uploads\/2018\/12\/9-1020x1020.jpg 1020w\" sizes=\"(max-width: 1024px) 100vw, 1024px\" \/><\/figure><\/li><li class=\"blocks-gallery-item\"><figure><img loading=\"lazy\" width=\"768\" height=\"1024\" src=\"http:\/\/antifragile.fr\/wp-content\/uploads\/2018\/12\/10-768x1024.jpg\" alt=\"\" data-id=\"308\" data-link=\"http:\/\/antifragile.fr\/?attachment_id=308\" class=\"wp-image-308\" srcset=\"https:\/\/antifragile.fr\/wp-content\/uploads\/2018\/12\/10-768x1024.jpg 768w, https:\/\/antifragile.fr\/wp-content\/uploads\/2018\/12\/10-225x300.jpg 225w, https:\/\/antifragile.fr\/wp-content\/uploads\/2018\/12\/10-1020x1360.jpg 1020w\" sizes=\"(max-width: 768px) 100vw, 768px\" \/><\/figure><\/li><li class=\"blocks-gallery-item\"><figure><img loading=\"lazy\" width=\"768\" height=\"1024\" src=\"http:\/\/antifragile.fr\/wp-content\/uploads\/2018\/12\/11-768x1024.jpg\" alt=\"\" data-id=\"309\" data-link=\"http:\/\/antifragile.fr\/?attachment_id=309\" class=\"wp-image-309\" srcset=\"https:\/\/antifragile.fr\/wp-content\/uploads\/2018\/12\/11-768x1024.jpg 768w, https:\/\/antifragile.fr\/wp-content\/uploads\/2018\/12\/11-225x300.jpg 225w, https:\/\/antifragile.fr\/wp-content\/uploads\/2018\/12\/11-1020x1360.jpg 1020w\" sizes=\"(max-width: 768px) 100vw, 768px\" \/><\/figure><\/li><li class=\"blocks-gallery-item\"><figure><img loading=\"lazy\" width=\"1024\" height=\"680\" src=\"http:\/\/antifragile.fr\/wp-content\/uploads\/2018\/12\/12-1024x680.jpg\" alt=\"\" data-id=\"310\" data-link=\"http:\/\/antifragile.fr\/?attachment_id=310\" class=\"wp-image-310\" srcset=\"https:\/\/antifragile.fr\/wp-content\/uploads\/2018\/12\/12-1024x680.jpg 1024w, https:\/\/antifragile.fr\/wp-content\/uploads\/2018\/12\/12-300x199.jpg 300w, https:\/\/antifragile.fr\/wp-content\/uploads\/2018\/12\/12-768x510.jpg 768w, https:\/\/antifragile.fr\/wp-content\/uploads\/2018\/12\/12-1020x677.jpg 1020w\" sizes=\"(max-width: 1024px) 100vw, 1024px\" \/><\/figure><\/li><li class=\"blocks-gallery-item\"><figure><img loading=\"lazy\" width=\"768\" height=\"1024\" src=\"http:\/\/antifragile.fr\/wp-content\/uploads\/2018\/12\/13-768x1024.jpg\" alt=\"\" data-id=\"311\" data-link=\"http:\/\/antifragile.fr\/?attachment_id=311\" class=\"wp-image-311\" srcset=\"https:\/\/antifragile.fr\/wp-content\/uploads\/2018\/12\/13-768x1024.jpg 768w, https:\/\/antifragile.fr\/wp-content\/uploads\/2018\/12\/13-225x300.jpg 225w, https:\/\/antifragile.fr\/wp-content\/uploads\/2018\/12\/13-1020x1360.jpg 1020w\" sizes=\"(max-width: 768px) 100vw, 768px\" \/><\/figure><\/li><li class=\"blocks-gallery-item\"><figure><img loading=\"lazy\" width=\"768\" height=\"1024\" src=\"http:\/\/antifragile.fr\/wp-content\/uploads\/2018\/12\/14-768x1024.jpg\" alt=\"\" data-id=\"312\" data-link=\"http:\/\/antifragile.fr\/?attachment_id=312\" class=\"wp-image-312\" srcset=\"https:\/\/antifragile.fr\/wp-content\/uploads\/2018\/12\/14-768x1024.jpg 768w, https:\/\/antifragile.fr\/wp-content\/uploads\/2018\/12\/14-225x300.jpg 225w, https:\/\/antifragile.fr\/wp-content\/uploads\/2018\/12\/14-1020x1360.jpg 1020w\" sizes=\"(max-width: 768px) 100vw, 768px\" \/><\/figure><\/li><li class=\"blocks-gallery-item\"><figure><img loading=\"lazy\" width=\"683\" height=\"1024\" src=\"http:\/\/antifragile.fr\/wp-content\/uploads\/2018\/12\/15-683x1024.jpg\" alt=\"\" data-id=\"313\" data-link=\"http:\/\/antifragile.fr\/?attachment_id=313\" class=\"wp-image-313\" srcset=\"https:\/\/antifragile.fr\/wp-content\/uploads\/2018\/12\/15-683x1024.jpg 683w, https:\/\/antifragile.fr\/wp-content\/uploads\/2018\/12\/15-200x300.jpg 200w, https:\/\/antifragile.fr\/wp-content\/uploads\/2018\/12\/15-768x1152.jpg 768w, https:\/\/antifragile.fr\/wp-content\/uploads\/2018\/12\/15-1020x1530.jpg 1020w\" sizes=\"(max-width: 683px) 100vw, 683px\" \/><\/figure><\/li><li class=\"blocks-gallery-item\"><figure><img loading=\"lazy\" width=\"1024\" height=\"768\" src=\"http:\/\/antifragile.fr\/wp-content\/uploads\/2018\/12\/17-1024x768.jpg\" alt=\"\" data-id=\"315\" data-link=\"http:\/\/antifragile.fr\/?attachment_id=315\" class=\"wp-image-315\" srcset=\"https:\/\/antifragile.fr\/wp-content\/uploads\/2018\/12\/17-1024x768.jpg 1024w, https:\/\/antifragile.fr\/wp-content\/uploads\/2018\/12\/17-300x225.jpg 300w, https:\/\/antifragile.fr\/wp-content\/uploads\/2018\/12\/17-768x576.jpg 768w, https:\/\/antifragile.fr\/wp-content\/uploads\/2018\/12\/17-1020x765.jpg 1020w\" sizes=\"(max-width: 1024px) 100vw, 1024px\" \/><\/figure><\/li><li class=\"blocks-gallery-item\"><figure><img loading=\"lazy\" width=\"1024\" height=\"768\" src=\"http:\/\/antifragile.fr\/wp-content\/uploads\/2018\/12\/P1320183-1024x768.jpg\" alt=\"\" data-id=\"318\" data-link=\"http:\/\/antifragile.fr\/?attachment_id=318\" class=\"wp-image-318\" srcset=\"https:\/\/antifragile.fr\/wp-content\/uploads\/2018\/12\/P1320183-1024x768.jpg 1024w, https:\/\/antifragile.fr\/wp-content\/uploads\/2018\/12\/P1320183-300x225.jpg 300w, https:\/\/antifragile.fr\/wp-content\/uploads\/2018\/12\/P1320183-768x576.jpg 768w, https:\/\/antifragile.fr\/wp-content\/uploads\/2018\/12\/P1320183-1020x765.jpg 1020w\" sizes=\"(max-width: 1024px) 100vw, 1024px\" \/><\/figure><\/li><li class=\"blocks-gallery-item\"><figure><img loading=\"lazy\" width=\"1024\" height=\"768\" src=\"http:\/\/antifragile.fr\/wp-content\/uploads\/2018\/12\/21-1024x768.jpg\" alt=\"\" data-id=\"319\" data-link=\"http:\/\/antifragile.fr\/?attachment_id=319\" class=\"wp-image-319\" srcset=\"https:\/\/antifragile.fr\/wp-content\/uploads\/2018\/12\/21-1024x768.jpg 1024w, https:\/\/antifragile.fr\/wp-content\/uploads\/2018\/12\/21-300x225.jpg 300w, https:\/\/antifragile.fr\/wp-content\/uploads\/2018\/12\/21-768x576.jpg 768w, https:\/\/antifragile.fr\/wp-content\/uploads\/2018\/12\/21-1020x765.jpg 1020w\" sizes=\"(max-width: 1024px) 100vw, 1024px\" \/><\/figure><\/li><li class=\"blocks-gallery-item\"><figure><img loading=\"lazy\" width=\"768\" height=\"1024\" src=\"http:\/\/antifragile.fr\/wp-content\/uploads\/2018\/12\/16-1-768x1024.jpg\" alt=\"\" data-id=\"322\" data-link=\"http:\/\/antifragile.fr\/?attachment_id=322\" class=\"wp-image-322\" srcset=\"https:\/\/antifragile.fr\/wp-content\/uploads\/2018\/12\/16-1-768x1024.jpg 768w, https:\/\/antifragile.fr\/wp-content\/uploads\/2018\/12\/16-1-225x300.jpg 225w, https:\/\/antifragile.fr\/wp-content\/uploads\/2018\/12\/16-1-1020x1360.jpg 1020w\" sizes=\"(max-width: 768px) 100vw, 768px\" \/><\/figure><\/li><\/ul>\n\n\n\n<p>..<br><\/p>\n","protected":false},"excerpt":{"rendered":"<p>Dans le cadre de mon activit\u00e9 professionnelle avec le Groupe Michelin et de mes activit\u00e9s universitaires et doctorales avec La Sorbonne, j&rsquo;accompagne les organisations dans leur d\u00e9marche de maturation en termes de gestion de crise. L&rsquo;approche propos\u00e9e se base d&rsquo;abord sur l&rsquo;\u00e9tude des besoins, des ressources et la vision de la gestion des risques et [&hellip;]<\/p>\n","protected":false},"author":1,"featured_media":0,"parent":0,"menu_order":0,"comment_status":"closed","ping_status":"closed","template":"","meta":[],"_links":{"self":[{"href":"https:\/\/antifragile.fr\/index.php?rest_route=\/wp\/v2\/pages\/75"}],"collection":[{"href":"https:\/\/antifragile.fr\/index.php?rest_route=\/wp\/v2\/pages"}],"about":[{"href":"https:\/\/antifragile.fr\/index.php?rest_route=\/wp\/v2\/types\/page"}],"author":[{"embeddable":true,"href":"https:\/\/antifragile.fr\/index.php?rest_route=\/wp\/v2\/users\/1"}],"replies":[{"embeddable":true,"href":"https:\/\/antifragile.fr\/index.php?rest_route=%2Fwp%2Fv2%2Fcomments&post=75"}],"version-history":[{"count":19,"href":"https:\/\/antifragile.fr\/index.php?rest_route=\/wp\/v2\/pages\/75\/revisions"}],"predecessor-version":[{"id":473,"href":"https:\/\/antifragile.fr\/index.php?rest_route=\/wp\/v2\/pages\/75\/revisions\/473"}],"wp:attachment":[{"href":"https:\/\/antifragile.fr\/index.php?rest_route=%2Fwp%2Fv2%2Fmedia&parent=75"}],"curies":[{"name":"wp","href":"https:\/\/api.w.org\/{rel}","templated":true}]}}