{"id":207,"date":"2018-12-17T14:38:22","date_gmt":"2018-12-17T13:38:22","guid":{"rendered":"http:\/\/antifragile.fr\/?page_id=207"},"modified":"2021-12-19T17:22:35","modified_gmt":"2021-12-19T16:22:35","slug":"enseignements-delivres","status":"publish","type":"page","link":"https:\/\/antifragile.fr\/?page_id=207","title":{"rendered":"Enseignements &#038; Conf\u00e9rences"},"content":{"rendered":"\n<h2>Enseignements d\u00e9livr\u00e9s<\/h2>\n\n\n\n<div class=\"wp-block-image\"><figure class=\"alignright is-resized\"><img loading=\"lazy\" src=\"http:\/\/antifragile.fr\/wp-content\/uploads\/2018\/12\/logoeum-iae-1458123863-2-1519052121-1024x390.png\" alt=\"\" class=\"wp-image-208\" width=\"234\" height=\"89\" srcset=\"https:\/\/antifragile.fr\/wp-content\/uploads\/2018\/12\/logoeum-iae-1458123863-2-1519052121-1024x390.png 1024w, https:\/\/antifragile.fr\/wp-content\/uploads\/2018\/12\/logoeum-iae-1458123863-2-1519052121-300x114.png 300w, https:\/\/antifragile.fr\/wp-content\/uploads\/2018\/12\/logoeum-iae-1458123863-2-1519052121-768x293.png 768w, https:\/\/antifragile.fr\/wp-content\/uploads\/2018\/12\/logoeum-iae-1458123863-2-1519052121-1020x389.png 1020w, https:\/\/antifragile.fr\/wp-content\/uploads\/2018\/12\/logoeum-iae-1458123863-2-1519052121.png 1898w\" sizes=\"(max-width: 234px) 100vw, 234px\" \/><\/figure><\/div>\n\n\n\n<h3>IAE Clermont-Ferrand<\/h3>\n\n\n\n<h4>Master 1 &amp; 2 &#8211;&nbsp;Management de Projet, Innovation et TransformationNum\u00e9rique<\/h4>\n\n\n\n<p>Cours de gestion de crise en entreprise et simulation de crise<\/p>\n\n\n\n<p><a href=\"https:\/\/twitter.com\/IAEAuvergne\/status\/1048509323020787713\">https:\/\/twitter.com\/IAEAuvergne\/status\/1048509323020787713<\/a><\/p>\n\n\n\n<p><a href=\"https:\/\/www.facebook.com\/pg\/IAEAuvergne\/posts\/\">https:\/\/www.facebook.com\/pg\/IAEAuvergne\/posts\/<\/a><\/p>\n\n\n\n<h3>Sorbonne Paris 1<\/h3>\n\n\n\n<div class=\"wp-block-image\"><figure class=\"alignright is-resized\"><img loading=\"lazy\" src=\"http:\/\/antifragile.fr\/wp-content\/uploads\/2018\/12\/Logo_UnivParis1_20150219100456-1024x461.jpg\" alt=\"\" class=\"wp-image-209\" width=\"229\" height=\"103\" srcset=\"https:\/\/antifragile.fr\/wp-content\/uploads\/2018\/12\/Logo_UnivParis1_20150219100456-1024x461.jpg 1024w, https:\/\/antifragile.fr\/wp-content\/uploads\/2018\/12\/Logo_UnivParis1_20150219100456-300x135.jpg 300w, https:\/\/antifragile.fr\/wp-content\/uploads\/2018\/12\/Logo_UnivParis1_20150219100456-768x346.jpg 768w, https:\/\/antifragile.fr\/wp-content\/uploads\/2018\/12\/Logo_UnivParis1_20150219100456-1020x460.jpg 1020w, https:\/\/antifragile.fr\/wp-content\/uploads\/2018\/12\/Logo_UnivParis1_20150219100456.jpg 1500w\" sizes=\"(max-width: 229px) 100vw, 229px\" \/><\/figure><\/div>\n\n\n\n<h4>Master 2 Strat\u00e9gie Internationale et Intelligence Economique (SIIE)<\/h4>\n\n\n\n<p>Cours de gestion des risques et gestion de crise en entreprise<\/p>\n\n\n\n<h2>Conf\u00e9rences<\/h2>\n\n\n\n<h3>IAE Paris Sorbonne<\/h3>\n\n\n\n<p><a href=\"https:\/\/www.iae-paris.com\/actualites\/evenements\/club-mtr-mettre-en-place-un-dispositif-de-gestion-de-crise-efficace-en-partant\">https:\/\/www.iae-paris.com\/actualites\/evenements\/club-mtr-mettre-en-place-un-dispositif-de-gestion-de-crise-efficace-en-partant<\/a><\/p>\n\n\n\n<div class=\"wp-block-image\"><figure class=\"alignright is-resized\"><img loading=\"lazy\" src=\"http:\/\/antifragile.fr\/wp-content\/uploads\/2018\/12\/Logo_UnivParis1_20150219100456-1024x461.jpg\" alt=\"\" class=\"wp-image-209\" width=\"229\" height=\"97\"\/><\/figure><\/div>\n\n\n\n<p>Mettre en place un dispositif de gestion de crise efficace en partant de z\u00e9ro<\/p>\n\n\n\n<p><\/p>\n\n\n\n<div class=\"wp-block-image\"><figure class=\"alignright is-resized\"><img loading=\"lazy\" src=\"http:\/\/antifragile.fr\/wp-content\/uploads\/2019\/01\/Universite\u0301_Jean_Moulin_Logo.png\" alt=\"\" class=\"wp-image-420\" width=\"240\" height=\"109\" srcset=\"https:\/\/antifragile.fr\/wp-content\/uploads\/2019\/01\/Universite\u0301_Jean_Moulin_Logo.png 792w, https:\/\/antifragile.fr\/wp-content\/uploads\/2019\/01\/Universite\u0301_Jean_Moulin_Logo-300x136.png 300w, https:\/\/antifragile.fr\/wp-content\/uploads\/2019\/01\/Universite\u0301_Jean_Moulin_Logo-768x347.png 768w\" sizes=\"(max-width: 240px) 100vw, 240px\" \/><\/figure><\/div>\n\n\n\n<h3>Universit\u00e9 Lyon 3 \/ Mairie Lyon<\/h3>\n\n\n\n<p>Temporalit\u00e9 des crises : Regards crois\u00e9s entre praticiens et th\u00e9oriciens<\/p>\n\n\n\n<div class=\"wp-block-image\"><figure class=\"alignright is-resized\"><img loading=\"lazy\" src=\"http:\/\/antifragile.fr\/wp-content\/uploads\/2019\/11\/ensosp.png\" alt=\"\" class=\"wp-image-444\" width=\"213\" height=\"213\" srcset=\"https:\/\/antifragile.fr\/wp-content\/uploads\/2019\/11\/ensosp.png 400w, https:\/\/antifragile.fr\/wp-content\/uploads\/2019\/11\/ensosp-150x150.png 150w, https:\/\/antifragile.fr\/wp-content\/uploads\/2019\/11\/ensosp-300x300.png 300w\" sizes=\"(max-width: 213px) 100vw, 213px\" \/><\/figure><\/div>\n\n\n\n<h3>ENSOSP<\/h3>\n\n\n\n<p>Apprentissage avec les nouveaux outils de simulation num\u00e9rique, exemple au sein du groupe Michelin<\/p>\n\n\n\n<h3>AIRMAP &#8211; Paris 2019<\/h3>\n\n\n\n<div class=\"wp-block-image\"><figure class=\"alignright is-resized\"><img loading=\"lazy\" src=\"http:\/\/antifragile.fr\/wp-content\/uploads\/2019\/11\/Logo-airmap-long.png\" alt=\"\" class=\"wp-image-439\" width=\"310\" height=\"85\" srcset=\"https:\/\/antifragile.fr\/wp-content\/uploads\/2019\/11\/Logo-airmap-long.png 609w, https:\/\/antifragile.fr\/wp-content\/uploads\/2019\/11\/Logo-airmap-long-300x83.png 300w\" sizes=\"(max-width: 310px) 100vw, 310px\" \/><\/figure><\/div>\n\n\n\n<p>Evolution of the crisis management system in Michelin North-America<\/p>\n\n\n\n<p><\/p>\n\n\n\n<p><\/p>\n\n\n\n<p><\/p>\n\n\n\n<h2><strong>IFACI &#8211; 2021<\/strong><\/h2>\n\n\n\n<p>Atelier d&rsquo;improvisation p\u00e9dagogique en gestion de crise + Tour de table avec Olivier Sibony \/ Gran Thorton<\/p>\n\n\n\n<figure class=\"wp-block-embed is-type-video is-provider-youtube wp-block-embed-youtube wp-embed-aspect-16-9 wp-has-aspect-ratio\"><div class=\"wp-block-embed__wrapper\">\n<iframe loading=\"lazy\" title=\"L\u2019IFACI Crisis management show, en partenariat avec Grant Thornton, le 9 novembre 2021\" width=\"1020\" height=\"574\" src=\"https:\/\/www.youtube.com\/embed\/pWphKGafTDI?feature=oembed\" frameborder=\"0\" allow=\"accelerometer; autoplay; clipboard-write; encrypted-media; gyroscope; picture-in-picture\" allowfullscreen><\/iframe>\n<\/div><\/figure>\n\n\n\n<p><\/p>\n\n\n\n<h2>ESCCA &#8211; 2021<\/h2>\n\n\n\n<p>Les strat\u00e9gies de gestion de crise et de r\u00e9silience des Leaders \u00e9conomiques<\/p>\n\n\n\n<p><a href=\"https:\/\/www.essca.fr\/event\/webinaire-comment-les-leaders-mondiaux-se-preparent-aux-risques-et-aux-crises\/\">https:\/\/www.essca.fr\/event\/webinaire-comment-les-leaders-mondiaux-se-preparent-aux-risques-et-aux-crises\/<\/a><\/p>\n","protected":false},"excerpt":{"rendered":"<p>Enseignements d\u00e9livr\u00e9s IAE Clermont-Ferrand Master 1 &amp; 2 &#8211;&nbsp;Management de Projet, Innovation et TransformationNum\u00e9rique Cours de gestion de crise en entreprise et simulation de crise https:\/\/twitter.com\/IAEAuvergne\/status\/1048509323020787713 https:\/\/www.facebook.com\/pg\/IAEAuvergne\/posts\/ Sorbonne Paris 1 Master 2 Strat\u00e9gie Internationale et Intelligence Economique (SIIE) Cours de gestion des risques et gestion de crise en entreprise Conf\u00e9rences IAE Paris Sorbonne https:\/\/www.iae-paris.com\/actualites\/evenements\/club-mtr-mettre-en-place-un-dispositif-de-gestion-de-crise-efficace-en-partant Mettre [&hellip;]<\/p>\n","protected":false},"author":1,"featured_media":0,"parent":0,"menu_order":0,"comment_status":"closed","ping_status":"closed","template":"","meta":[],"_links":{"self":[{"href":"https:\/\/antifragile.fr\/index.php?rest_route=\/wp\/v2\/pages\/207"}],"collection":[{"href":"https:\/\/antifragile.fr\/index.php?rest_route=\/wp\/v2\/pages"}],"about":[{"href":"https:\/\/antifragile.fr\/index.php?rest_route=\/wp\/v2\/types\/page"}],"author":[{"embeddable":true,"href":"https:\/\/antifragile.fr\/index.php?rest_route=\/wp\/v2\/users\/1"}],"replies":[{"embeddable":true,"href":"https:\/\/antifragile.fr\/index.php?rest_route=%2Fwp%2Fv2%2Fcomments&post=207"}],"version-history":[{"count":13,"href":"https:\/\/antifragile.fr\/index.php?rest_route=\/wp\/v2\/pages\/207\/revisions"}],"predecessor-version":[{"id":467,"href":"https:\/\/antifragile.fr\/index.php?rest_route=\/wp\/v2\/pages\/207\/revisions\/467"}],"wp:attachment":[{"href":"https:\/\/antifragile.fr\/index.php?rest_route=%2Fwp%2Fv2%2Fmedia&parent=207"}],"curies":[{"name":"wp","href":"https:\/\/api.w.org\/{rel}","templated":true}]}}