{"id":105,"date":"2018-09-06T22:20:32","date_gmt":"2018-09-06T20:20:32","guid":{"rendered":"http:\/\/antifragile.fr\/?page_id=105"},"modified":"2021-12-19T17:32:42","modified_gmt":"2021-12-19T16:32:42","slug":"un-peu-de-theorie","status":"publish","type":"page","link":"https:\/\/antifragile.fr\/?page_id=105","title":{"rendered":"Ma conception"},"content":{"rendered":"\n<h3>Une gestion des risques \u00e9vitant les biais cognitifs habituels<\/h3>\n\n\n\n<p>L&rsquo;approche la plus commune de la gestion des risques repose sur les notions de <em>gravit\u00e9 <\/em>et de <em>probabilit\u00e9<\/em> telle qu&rsquo;elle fut repr\u00e9sent\u00e9e par Farmer. Je propose de remettre en question cette conception de la gestion des risques.<\/p>\n\n\n\n<div class=\"wp-block-image\"><figure class=\"aligncenter is-resized\"><img loading=\"lazy\" src=\"http:\/\/antifragile.fr\/wp-content\/uploads\/2018\/12\/farmer-1024x576.png\" alt=\"\" class=\"wp-image-245\" width=\"512\" height=\"288\" srcset=\"https:\/\/antifragile.fr\/wp-content\/uploads\/2018\/12\/farmer-1024x576.png 1024w, https:\/\/antifragile.fr\/wp-content\/uploads\/2018\/12\/farmer-300x169.png 300w, https:\/\/antifragile.fr\/wp-content\/uploads\/2018\/12\/farmer-768x432.png 768w, https:\/\/antifragile.fr\/wp-content\/uploads\/2018\/12\/farmer-1020x573.png 1020w, https:\/\/antifragile.fr\/wp-content\/uploads\/2018\/12\/farmer.png 1190w\" sizes=\"(max-width: 512px) 100vw, 512px\" \/><\/figure><\/div>\n\n\n\n<p>Que dire en effet de l&rsquo;attentat du World Trade Center, de la catastrophe de Fukushima, du cataclysme de Bhopal ? Chacun de ces \u00e9v\u00e8nements, pourtant majeurs, aurait \u00e9t\u00e9 consid\u00e9r\u00e9 comme tr\u00e8s peu probable la veille-m\u00eame de leur survenue. Imaginer demain selon les seules bases de la m\u00e9moire des jours pr\u00e9c\u00e9dents est biais de repr\u00e9sentation qui constitue un risque majeur pris par les organisations qui se basent sur le mod\u00e8le probabiliste de l&rsquo;\u00e9valuation des risques. <\/p>\n\n\n\n<p>Je base ma vision des risques uniquement que la notion de gravit\u00e9. C&rsquo;est bien cet axe qui permet d&rsquo;\u00e9laborer la premi\u00e8re priorisation des risques \u00e0 g\u00e9rer qui d\u00e8s lors se pond\u00e8re selon les ressources de l&rsquo;entit\u00e9 concern\u00e9e.<\/p>\n\n\n\n<p><\/p>\n\n\n\n<h3>Une approche <em>complexe<\/em> des crises<\/h3>\n\n\n\n<p>Nombre d&rsquo;ouvrages et d&rsquo;articles traitent de la gestion de crise. La plupart des organisations se pr\u00e9parent \u00e0 les affronter et pourtant il s&rsquo;av\u00e8re que le mot \u00ab\u00a0crise\u00a0\u00bb exprime des notions bien diff\u00e9rentes :<\/p>\n\n\n\n<p><\/p>\n\n\n\n<h4>Une approche par l&rsquo;impact<\/h4>\n\n\n\n<p><\/p>\n\n\n\n<p>Cette approche se concentre notamment sur les cons\u00e9quences ainsi que sur la faible probabilit\u00e9 de survenue des crises.<\/p>\n\n\n\n<p>\u00ab\u00a0<em>an event that threatens the most fundamental objectives of a society such as its survival and profitability and is usually initiated by events of low probability that can generate expansive consequences and social disruptions involving a variety of stakeholders\u00a0\u00bb<\/em> <em>(Shrivastava &amp; Mitroff, 1987, Smith, 1999).<\/em><\/p>\n\n\n\n<p>\u00ab\u00a0<em>a crisis, regardless of its type or magnitude, has the potential to cause catastrophic or irreparable damage to organizations and individuals\u201d&nbsp;(Mitroff,&nbsp;1988).<\/em><\/p>\n\n\n\n<p>\u00ab\u00a0<em>an organizational crisis is a low-probability, a high-impact situation that is perceived. by critical stakeholders to threaten the viability of the organization and which is subjectively experienced by these individuals and socially threatening<\/em> \u00a0\u00bb (Pearson &amp; Clear, 1988).<\/p>\n\n\n\n<p>En analysant l&rsquo;\u00e9v\u00e9nement du point de vue de ses expressions externes, cette vision des crise offre une approche totalement op\u00e9rationnelle. Dans la mesure o\u00f9 l&rsquo;approche par impact consid\u00e8re les crises uniquement <em>apr\u00e8s<\/em> leur d\u00e9clenchement, cette vision conduit les gestionnaires de crise et les chercheurs \u00e0 adopter un comportement et une vision essentiellement r\u00e9actifs.<\/p>\n\n\n\n<div class=\"wp-block-image\"><figure class=\"aligncenter is-resized\"><img loading=\"lazy\" src=\"http:\/\/antifragile.fr\/wp-content\/uploads\/2018\/12\/impact-1024x576.jpg\" alt=\"\" class=\"wp-image-248\" width=\"512\" height=\"288\" srcset=\"https:\/\/antifragile.fr\/wp-content\/uploads\/2018\/12\/impact-1024x576.jpg 1024w, https:\/\/antifragile.fr\/wp-content\/uploads\/2018\/12\/impact-300x169.jpg 300w, https:\/\/antifragile.fr\/wp-content\/uploads\/2018\/12\/impact-768x432.jpg 768w, https:\/\/antifragile.fr\/wp-content\/uploads\/2018\/12\/impact-1020x574.jpg 1020w, https:\/\/antifragile.fr\/wp-content\/uploads\/2018\/12\/impact.jpg 1280w\" sizes=\"(max-width: 512px) 100vw, 512px\" \/><\/figure><\/div>\n\n\n\n<p><\/p>\n\n\n\n<h4>Une approche par l&rsquo;\u00e9v\u00e8nement<\/h4>\n\n\n\n<p><\/p>\n\n\n\n<p>D&rsquo;autres organisations et chercheurs abordent la notion de crise par rapport \u00e0 leur nature. <\/p>\n\n\n\n<p>Lerbinger (1997) a d\u00e9fini les crises en fonction de leur nature. Il a distingu\u00e9 au sein des crises celles qui sont classables comme : naturelles, technologiques, conflictuelles, malveillantes et asym\u00e9triques, ainsi que les crises de d\u00e9ception et de mauvaise gestion.<\/p>\n\n\n\n<p>Cette approche processuelle est essentiellement bas\u00e9e sur les causes et la dynamique de la crise. Le ph\u00e9nom\u00e8ne crisog\u00e8ne est consid\u00e9r\u00e9 ici comme le r\u00e9sultat de dysfonctionnements cumul\u00e9s et potentiellement identifiables. <\/p>\n\n\n\n<p>Cette notion de causalit\u00e9 est inh\u00e9rente \u00e0 l&rsquo;analyse <em>a posteriori <\/em>des \u00e9v\u00e9nements d\u00e9tect\u00e9s et formalis\u00e9s. Par cela elle donc narrative. Ce point est fondamental car il interdit de consid\u00e9rer la crise comme un ph\u00e9nom\u00e8ne impr\u00e9visible, mais au contraire comme une situation pr\u00e9visible et logique dans les cascades des causes successives ayant permis l&rsquo;\u00e9v\u00e9nement.<\/p>\n\n\n\n<div class=\"wp-block-image\"><figure class=\"aligncenter is-resized\"><img loading=\"lazy\" src=\"http:\/\/antifragile.fr\/wp-content\/uploads\/2018\/12\/crisis-plan.jpg\" alt=\"\" class=\"wp-image-249\" width=\"512\" height=\"288\"\/><\/figure><\/div>\n\n\n\n<p><\/p>\n\n\n\n<h4>Une approche complexe<\/h4>\n\n\n\n<p><\/p>\n\n\n\n<p>Cette derni\u00e8re approche, qui est celle que je propose, se base sur le constat de l&rsquo;impr\u00e9dictibilit\u00e9 des crises et de la dimension d&rsquo;improvisation n\u00e9cessaire venant compl\u00e9ter la pr\u00e9paration de l&rsquo;organisation.<\/p>\n\n\n\n<p> \u00ab\u00a0<em>crisis is an unexpected, undesirable, unpredictable and unthinkable, which most of the time produces uncertainty and disbelief<\/em>\u00ab\u00a0<em> (Milasinovic et al., 2010 ; Heat et al., 2009)<\/em><\/p>\n\n\n\n<p>Cette approche met en \u00e9vidence la nature complexe de l&rsquo;organisation impact\u00e9e et la non-proportionalit\u00e9 (ou non-lin\u00e9arit\u00e9) de l&rsquo;\u00e9v\u00e9nement. L\u2019organisation et les acteurs sont confront\u00e9s \u00e0 une situation totalement inattendue, impr\u00e9visible et dans une incertitude omnipr\u00e9sente dans laquelle il devient fondamental de s\u2019adapter aux moyens disponibles, voire d\u2019improviser, afin de limiter au mieux les cons\u00e9quences.<\/p>\n\n\n\n<p><\/p>\n\n\n\n<h3>Pour une nouvelle d\u00e9finition de la crise<\/h3>\n\n\n\n<p>La crise est ainsi per\u00e7ue comme une situation critique sans effets de proportionalit\u00e9. La dynamique de crise repose donc sur des effets seuil (ou non-lin\u00e9aires) qui ne peuvent \u00eatre anticip\u00e9s par l&rsquo;intuition ou l&rsquo;analyse. Cette dynamique non-lin\u00e9aire (et donc en apparence al\u00e9atoire) impacte quant \u00e0 elle des organisations compos\u00e9s d&rsquo;\u00e9l\u00e9ments en int\u00e9raction et en interd\u00e9pendance. C&rsquo;est dans ce cadre que je propose pour la crise la d\u00e9finition suivante :<\/p>\n\n\n\n<blockquote class=\"wp-block-quote\"><p><em>\u00ab\u00a0Une crise est la manifestation d&rsquo;une dynamique non-lin\u00e9aire impactant un syst\u00e8me complexe ou multi-complexe\u00a0\u00bb<\/em> <\/p><cite>Rapha\u00ebl De Vittoris (2018)<\/cite><\/blockquote>\n\n\n\n<div class=\"wp-block-image\"><figure class=\"aligncenter is-resized\"><img loading=\"lazy\" src=\"http:\/\/antifragile.fr\/wp-content\/uploads\/2018\/12\/fractal-1761069__340.jpg\" alt=\"\" class=\"wp-image-250\" width=\"512\" height=\"288\"\/><\/figure><\/div>\n\n\n\n<p>Cette conception bas\u00e9e sur la th\u00e9orie de la complexit\u00e9 et celle des \u00ab\u00a0accidents normaux\u00a0\u00bb m&rsquo;am\u00e8ne \u00e0 proposer une approche reposant sur des notions coupl\u00e9es d&rsquo;improvisation et de pr\u00e9paration, de flexibilit\u00e9 extr\u00eame et d&rsquo;une organisation multi-couches (ou fractale) de la gestion de crise.<\/p>\n\n\n\n<p>L&rsquo;organisation ne doit plus se trouver <em>fragile<\/em> (en raison d&rsquo;une tr\u00e8s faible tol\u00e9rance aux turbulences) ou <em>solide<\/em> (en raison d&rsquo;une r\u00e9sistance jusque l\u00e0 satisfaisantes aux al\u00e9as internes et externes), mais doit plut\u00f4t se nourrir des crises. Elle doit \u00e9voluer gr\u00e2ce \u00e0 elle, demeurer adaptable.<\/p>\n\n\n\n<p>Elle doit apprendre \u00e0 \u00eatre prise par surprise, \u00e0 perdre ses rep\u00e8res, \u00e0 d\u00e9cider dans l&rsquo;incertitude, \u00e0 oeuvrer en marche d\u00e9grad\u00e9e. Elle doit apprendre de sa mise sous pression constante pour conserver voire augmenter son adaptabilit\u00e9. L&rsquo;organisation soit apprendre \u00e0 profiter des opportunit\u00e9s apport\u00e9es par la crise tout en s&rsquo;adaptant aux difficult\u00e9s. <\/p>\n\n\n\n<p>L&rsquo;organisation doit devenir <em>antifragile<\/em>.<\/p>\n\n\n\n<blockquote class=\"wp-block-quote\"><p><em>\u00ab\u00a0Mes meilleures improvisations sont celles que j&rsquo;ai le plus longuement pr\u00e9par\u00e9es\u00a0\u00bb<\/em><\/p><cite>WinstonChurchill<\/cite><\/blockquote>\n\n\n\n<h2>Podcast explicitant ma vision de la discipline<\/h2>\n\n\n\n<figure class=\"wp-block-embed is-type-video is-provider-youtube wp-block-embed-youtube wp-embed-aspect-16-9 wp-has-aspect-ratio\"><div class=\"wp-block-embed__wrapper\">\n<iframe loading=\"lazy\" title=\"Partage d\u2019exp\u00e9rience et recherche avec Rapha\u00ebl de VITTORIS \u2013 Crisis Manager du groupe Michelin #3\" width=\"1020\" height=\"574\" src=\"https:\/\/www.youtube.com\/embed\/uou68uWDIB4?start=54&#038;feature=oembed\" frameborder=\"0\" allow=\"accelerometer; autoplay; clipboard-write; encrypted-media; gyroscope; picture-in-picture\" allowfullscreen><\/iframe>\n<\/div><\/figure>\n","protected":false},"excerpt":{"rendered":"<p>Une gestion des risques \u00e9vitant les biais cognitifs habituels L&rsquo;approche la plus commune de la gestion des risques repose sur les notions de gravit\u00e9 et de probabilit\u00e9 telle qu&rsquo;elle fut repr\u00e9sent\u00e9e par Farmer. Je propose de remettre en question cette conception de la gestion des risques. Que dire en effet de l&rsquo;attentat du World Trade [&hellip;]<\/p>\n","protected":false},"author":1,"featured_media":0,"parent":0,"menu_order":0,"comment_status":"closed","ping_status":"closed","template":"","meta":[],"_links":{"self":[{"href":"https:\/\/antifragile.fr\/index.php?rest_route=\/wp\/v2\/pages\/105"}],"collection":[{"href":"https:\/\/antifragile.fr\/index.php?rest_route=\/wp\/v2\/pages"}],"about":[{"href":"https:\/\/antifragile.fr\/index.php?rest_route=\/wp\/v2\/types\/page"}],"author":[{"embeddable":true,"href":"https:\/\/antifragile.fr\/index.php?rest_route=\/wp\/v2\/users\/1"}],"replies":[{"embeddable":true,"href":"https:\/\/antifragile.fr\/index.php?rest_route=%2Fwp%2Fv2%2Fcomments&post=105"}],"version-history":[{"count":19,"href":"https:\/\/antifragile.fr\/index.php?rest_route=\/wp\/v2\/pages\/105\/revisions"}],"predecessor-version":[{"id":472,"href":"https:\/\/antifragile.fr\/index.php?rest_route=\/wp\/v2\/pages\/105\/revisions\/472"}],"wp:attachment":[{"href":"https:\/\/antifragile.fr\/index.php?rest_route=%2Fwp%2Fv2%2Fmedia&parent=105"}],"curies":[{"name":"wp","href":"https:\/\/api.w.org\/{rel}","templated":true}]}}